{"id":36246,"date":"2022-08-04T15:59:59","date_gmt":"2022-08-04T15:59:59","guid":{"rendered":"https:\/\/www.mcasien.com\/?page_id=36246"},"modified":"2025-12-05T09:23:17","modified_gmt":"2025-12-05T09:23:17","slug":"bolivia","status":"publish","type":"page","link":"https:\/\/www.mcasien.com\/en\/bolivia\/","title":{"rendered":"Bolivia"},"content":{"rendered":"<p>[et_pb_section fb_built=&#8221;1&#8243; custom_padding_last_edited=&#8221;on|tablet&#8221; admin_label=&#8221;Contact Form&#8221; _builder_version=&#8221;4.16&#8243; custom_padding=&#8221;55px||2px||false|false&#8221; custom_padding_tablet=&#8221;60px|||&#8221; custom_padding_phone=&#8221;&#8221; global_colors_info=&#8221;{}&#8221;][et_pb_row custom_padding_last_edited=&#8221;on|phone&#8221; admin_label=&#8221;Blog Title&#8221; _builder_version=&#8221;4.16&#8243; background_size=&#8221;initial&#8221; background_position=&#8221;top_left&#8221; background_repeat=&#8221;repeat&#8221; custom_padding=&#8221;30px|0px|120px|0px&#8221; custom_padding_tablet=&#8221;0px||0px|&#8221; custom_padding_phone=&#8221;&#8221; global_colors_info=&#8221;{}&#8221;][et_pb_column type=&#8221;4_4&#8243; _builder_version=&#8221;4.16&#8243; custom_padding=&#8221;|||&#8221; global_colors_info=&#8221;{}&#8221; custom_padding__hover=&#8221;|||&#8221;][et_pb_text admin_label=&#8221;Look Inside Title&#8221; _builder_version=&#8221;4.17.4&#8243; text_font=&#8221;||||&#8221; text_text_color=&#8221;#1a1a1a&#8221; header_font=&#8221;Roboto|700||on|||||&#8221; header_text_align=&#8221;center&#8221; header_font_size=&#8221;40px&#8221; background_size=&#8221;initial&#8221; background_position=&#8221;top_left&#8221; background_repeat=&#8221;repeat&#8221; max_width=&#8221;450px&#8221; module_alignment=&#8221;center&#8221; custom_margin=&#8221;|||&#8221; custom_padding=&#8221;|||&#8221; animation_direction=&#8221;top&#8221; header_font_size_tablet=&#8221;&#8221; header_font_size_phone=&#8221;20px&#8221; header_font_size_last_edited=&#8221;on|desktop&#8221; locked=&#8221;off&#8221; global_colors_info=&#8221;{}&#8221;]<\/p>\n<h1>Bolivia<\/h1>\n<p>[\/et_pb_text][et_pb_divider color=&#8221;#ffcc05&#8243; divider_position=&#8221;center&#8221; divider_weight=&#8221;3px&#8221; disabled_on=&#8221;on|on|off%22&#8243; _builder_version=&#8221;4.16&#8243; max_width=&#8221;150px&#8221; module_alignment=&#8221;center&#8221; height=&#8221;false&#8221; custom_margin=&#8221;30px|||&#8221; animation_direction=&#8221;top&#8221; locked=&#8221;off&#8221; global_colors_info=&#8221;{}&#8221;][\/et_pb_divider][\/et_pb_column][\/et_pb_row][et_pb_row column_structure=&#8221;3_5,2_5&#8243; _builder_version=&#8221;4.16&#8243; custom_padding=&#8221;27px|0px|100px|0px|false|false&#8221; global_colors_info=&#8221;{}&#8221;][et_pb_column type=&#8221;3_5&#8243; _builder_version=&#8221;4.16&#8243; custom_padding=&#8221;|||&#8221; global_colors_info=&#8221;{}&#8221; custom_padding__hover=&#8221;|||&#8221;][et_pb_blurb title=&#8221;Motorcykelrejse i Bolivia&#8221; content_max_width=&#8221;600px&#8221; _builder_version=&#8221;4.17.4&#8243; header_level=&#8221;h2&#8243; header_font=&#8221;Roboto||||||||&#8221; header_font_size=&#8221;20px&#8221; body_font=&#8221;Roboto||||||||&#8221; body_text_color=&#8221;#000000&#8243; body_font_size=&#8221;12px&#8221; header_font_size_tablet=&#8221;&#8221; header_font_size_phone=&#8221;18px&#8221; header_font_size_last_edited=&#8221;on|phone&#8221; global_colors_info=&#8221;{}&#8221;]<\/p>\n<p class=\"smallHeader\">Vil du opleve salt\u00f8rkenen ved Uyuni med forunderlige klippeformationer og k\u00e6mpestore kaktusser? R\u00f8de og gr\u00f8nne laguner med flokke af flamingoer? Og den smukke Titicaca-s\u00f8?<\/p>\n<p>S\u00e5 tag med os til Bolivia i Sydamerika! Turen g\u00e5r gennem junglen, over bjergpas og via h\u00f8jsletterne i Andesbjergene med udsigt til sorte vulkaner og hvide gletsjere.<br \/>\nBolivia gr\u00e6nser op til Peru, Chile, Argentina, Paraguay og Brasilien og gemmer p\u00e5 Sydamerikas mest storsl\u00e5ede natur. Og vi har sammensat en rute der viser det bedste af landet frem.<\/p>\n<p>&nbsp;<\/p>\n<p>&nbsp;<\/p>\n<p>&nbsp;[\/et_pb_blurb][et_pb_blurb _builder_version=&#8221;4.16&#8243; body_font=&#8221;Roboto||||||||&#8221; body_text_color=&#8221;#000000&#8243; custom_padding=&#8221;|50px||0px|false|false&#8221; body_font_size_tablet=&#8221;&#8221; body_font_size_phone=&#8221;&#8221; body_font_size_last_edited=&#8221;on|desktop&#8221; saved_tabs=&#8221;all&#8221; global_colors_info=&#8221;{}&#8221;]<\/p>\n<p>Udfyld kontaktformularen <span style=\"text-decoration: underline;\"><a href=\"https:\/\/www.mcasien.com\/kontakt-os\/\">her<\/a><\/span> p\u00e5 hjemmesiden og f\u00e5 det fulde program med pris tilsendt. Eller ring p\u00e5 telefon +45 29 43 14 27<\/p>\n<p>[\/et_pb_blurb][\/et_pb_column][et_pb_column type=&#8221;2_5&#8243; _builder_version=&#8221;4.16&#8243; custom_padding=&#8221;|||&#8221; global_colors_info=&#8221;{}&#8221; custom_padding__hover=&#8221;|||&#8221;][et_pb_blurb title=&#8221;Praktisk Information&#8221; _builder_version=&#8221;4.17.4&#8243; header_level=&#8221;h2&#8243; header_font=&#8221;Roboto||||||||&#8221; header_text_color=&#8221;#000000&#8243; body_font=&#8221;Roboto||||||||&#8221; body_text_color=&#8221;#000000&#8243; global_colors_info=&#8221;{}&#8221;]M.C. ASIEN s\u00f8rger for f\u00f8lgende:<br \/>\n\u2013 Internationale flybilletter<br \/>\n\u2013 Transport p\u00e5 hele rejsen<br \/>\n\u2013 Overnatninger p\u00e5 gode hoteller<br \/>\n\u2013 M\u00e5ltider if\u00f8lge program<br \/>\n\u2013 Lokalkendt dansk mc-guide<br \/>\n\u2013 Engelsktalende lokal mc-guide<br \/>\n\u2013 Udflugter og entreer if\u00f8lge program<br \/>\n\u2013 Bidrag til Rejsegarantifonden<br \/>\n\u2013 Informationsm\u00f8de f\u00f8r afrejse<br \/>\n\u2013 Lokal k\u00f8retilladelse<br \/>\n\u2013 Leje af motorcykel<br \/>\n\u2013 Olie, benzin og reservedele<br \/>\n\u2013 Medrejsende mekaniker<br \/>\n\u2013 F\u00f8lgebil til bagage og bags\u00e6depassagerer[\/et_pb_blurb][\/et_pb_column][\/et_pb_row][et_pb_row _builder_version=&#8221;4.16&#8243; global_colors_info=&#8221;{}&#8221;][et_pb_column type=&#8221;4_4&#8243; _builder_version=&#8221;4.16&#8243; custom_padding=&#8221;|||&#8221; global_colors_info=&#8221;{}&#8221; custom_padding__hover=&#8221;|||&#8221;][et_pb_blurb title=&#8221;Billeder fra turen&#8221; _builder_version=&#8221;4.16&#8243; header_level=&#8221;h2&#8243; header_font=&#8221;Roboto||||||||&#8221; header_font_size=&#8221;24px&#8221; text_orientation=&#8221;center&#8221; global_colors_info=&#8221;{}&#8221;][\/et_pb_blurb][et_pb_gallery gallery_ids=&#8221;36243,36244,36245,36247,36249,36250,36253,36254&#8243; posts_number=&#8221;8&#8243; show_title_and_caption=&#8221;off&#8221; _builder_version=&#8221;4.17.4&#8243; z_index_tablet=&#8221;500&#8243; global_module=&#8221;66842&#8243; saved_tabs=&#8221;all&#8221; global_colors_info=&#8221;{}&#8221;][\/et_pb_gallery][\/et_pb_column][\/et_pb_row][et_pb_row _builder_version=&#8221;4.16&#8243; custom_padding=&#8221;100px|0px|27px|0px|false|false&#8221; global_colors_info=&#8221;{}&#8221;][et_pb_column type=&#8221;4_4&#8243; _builder_version=&#8221;4.16&#8243; custom_padding=&#8221;|||&#8221; global_colors_info=&#8221;{}&#8221; custom_padding__hover=&#8221;|||&#8221;][et_pb_blurb title=&#8221;Kontakt os&#8221; content_max_width=&#8221;565px&#8221; content_max_width_tablet=&#8221;&#8221; content_max_width_phone=&#8221;&#8221; content_max_width_last_edited=&#8221;on|desktop&#8221; _builder_version=&#8221;4.16&#8243; header_level=&#8221;h3&#8243; header_font=&#8221;Roboto|700|||||||&#8221; header_text_align=&#8221;center&#8221; global_colors_info=&#8221;{}&#8221;]Send en email og f\u00e5 det fulde program med pris tilsendt eller ring p\u00e5: +45 29 43 14 27[\/et_pb_blurb][et_pb_code _builder_version=&#8221;4.16&#8243; global_colors_info=&#8221;{}&#8221;]<p class=\"wpcf7-contact-form-not-found\"><strong>Error:<\/strong> Contact form not found.<\/p>[\/et_pb_code][\/et_pb_column][\/et_pb_row][\/et_pb_section][et_pb_section fb_built=&#8221;1&#8243; _builder_version=&#8221;4.16&#8243; global_colors_info=&#8221;{}&#8221;][et_pb_row _builder_version=&#8221;4.16&#8243; custom_padding=&#8221;0|0px|0|0px|false|false&#8221; border_color_all=&#8221;#ffcc05&#8243; border_width_top=&#8221;3px&#8221; global_colors_info=&#8221;{}&#8221;][et_pb_column type=&#8221;4_4&#8243; _builder_version=&#8221;4.16&#8243; custom_padding=&#8221;|||&#8221; global_colors_info=&#8221;{}&#8221; custom_padding__hover=&#8221;|||&#8221;][\/et_pb_column][\/et_pb_row][\/et_pb_section][et_pb_section fb_built=&#8221;1&#8243; _builder_version=&#8221;4.16&#8243; global_colors_info=&#8221;{}&#8221;][et_pb_row _builder_version=&#8221;4.16&#8243; global_colors_info=&#8221;{}&#8221;][et_pb_column type=&#8221;4_4&#8243; _builder_version=&#8221;4.16&#8243; custom_padding=&#8221;|||&#8221; global_colors_info=&#8221;{}&#8221; custom_padding__hover=&#8221;|||&#8221;][et_pb_blurb title=&#8221;Hoteller&#8221; _builder_version=&#8221;4.16&#8243; header_level=&#8221;h2&#8243; header_font=&#8221;Roboto||||||||&#8221; header_font_size=&#8221;24px&#8221; text_orientation=&#8221;center&#8221; global_colors_info=&#8221;{}&#8221;][\/et_pb_blurb][et_pb_gallery gallery_ids=&#8221;36209,36236,36237,36238,36239,36240,36241,36242&#8243; posts_number=&#8221;8&#8243; show_title_and_caption=&#8221;off&#8221; _builder_version=&#8221;4.17.4&#8243; z_index_tablet=&#8221;500&#8243; global_module=&#8221;66843&#8243; saved_tabs=&#8221;all&#8221; global_colors_info=&#8221;{}&#8221;][\/et_pb_gallery][\/et_pb_column][\/et_pb_row][\/et_pb_section][et_pb_section fb_built=&#8221;1&#8243; admin_label=&#8221;Promo&#8221; _builder_version=&#8221;4.16&#8243; background_color=&#8221;rgba(0,0,0,0.5)&#8221; background_image=&#8221;https:\/\/www.mcasien.com\/wp-content\/uploads\/2020\/03\/NyhedsBrevBG.jpg&#8221; background_blend=&#8221;color&#8221; custom_padding=&#8221;120px||120px|&#8221; z_index_tablet=&#8221;500&#8243; saved_tabs=&#8221;all&#8221; global_colors_info=&#8221;{}&#8221;][et_pb_row _builder_version=&#8221;4.16&#8243; global_colors_info=&#8221;{}&#8221;][et_pb_column type=&#8221;4_4&#8243; _builder_version=&#8221;4.16&#8243; global_colors_info=&#8221;{}&#8221;][et_pb_signup mailchimp_list=&#8221;NyhedsbrevMCAsien|4ebaf2396a&#8221; success_message=&#8221;Du er nu tilmeldt vores nyhedsbrev!&#8221; title=&#8221;Modtag M.C. ASIENS Nyhedsbrev&#8221; button_text=&#8221;Tilmeld&#8221; description=&#8221;<\/p>\n<p>VIL DU MODTAGE INFORMATION OM MOTORCYKELREJSER OG INVITERES TIL SP\u00c6NDENDE REJSEFOREDRAG?<\/p>\n<p>S\u00e5 tilmeld dig vores nyhedsbrev. Her vil du l\u00f8bende modtage artikler fra motorcykelrejserne og f\u00e5 invitationer til rejseforedrag rundt omkring i landet.<\/p>\n<p>&#8221; description_tablet=&#8221;&#8221; description_phone=&#8221;<\/p>\n<p>VIL DU MODTAGE INFORMATION OM MOTORCYKELREJSER OG INVITERES TIL SP\u00c6NDENDE REJSEFOREDRAG?<\/p>\n<p>S\u00e5 tilmeld dig vores nyhedsbrev. Her vil du l\u00f8bende modtage artikler fra motorcykelrejserne og f\u00e5 invitationer til rejseforedrag rundt omkring i landet.<\/p>\n<p>&#8221; description_last_edited=&#8221;on|phone&#8221; _builder_version=&#8221;4.16&#8243; header_font=&#8221;Roboto||||||||&#8221; header_font_size=&#8221;30px&#8221; body_font=&#8221;Roboto||||||||&#8221; body_font_size=&#8221;17px&#8221; result_message_font=&#8221;Roboto||||||||&#8221; background_color=&#8221;rgba(0,0,0,0)&#8221; custom_button=&#8221;on&#8221; button_text_size=&#8221;20px&#8221; button_text_color=&#8221;#ffcc05&#8243; button_bg_color=&#8221;rgba(0,0,0,0)&#8221; button_border_color=&#8221;#ffcc05&#8243; button_font=&#8221;Roboto||||||||&#8221; button_icon=&#8221;&#x4e;||divi||400&#8243; header_font_size_tablet=&#8221;&#8221; header_font_size_phone=&#8221;22px&#8221; header_font_size_last_edited=&#8221;on|phone&#8221; body_font_size_tablet=&#8221;&#8221; body_font_size_phone=&#8221;14px&#8221; body_font_size_last_edited=&#8221;on|phone&#8221; global_colors_info=&#8221;{}&#8221;][\/et_pb_signup][\/et_pb_column][\/et_pb_row][\/et_pb_section][et_pb_section fb_built=&#8221;1&#8243; _builder_version=&#8221;4.16&#8243; background_color=&#8221;#161616&#8243; custom_padding=&#8221;40px|0px|0|0px|false|false&#8221; global_colors_info=&#8221;{}&#8221;][et_pb_row column_structure=&#8221;1_3,1_3,1_3&#8243; _builder_version=&#8221;4.16&#8243; global_colors_info=&#8221;{}&#8221;][et_pb_column type=&#8221;1_3&#8243; _builder_version=&#8221;4.16&#8243; custom_padding=&#8221;|||&#8221; global_colors_info=&#8221;{}&#8221; custom_padding__hover=&#8221;|||&#8221;][et_pb_blurb title=&#8221;MC ASIEN&#8221; _builder_version=&#8221;4.16&#8243; header_level=&#8221;h3&#8243; header_font=&#8221;Roboto|||on|||||&#8221; header_text_color=&#8221;#ffffff&#8221; header_font_size=&#8221;25px&#8221; body_font=&#8221;Roboto||||||||&#8221; body_text_color=&#8221;#ffffff&#8221; z_index_tablet=&#8221;500&#8243; global_colors_info=&#8221;{}&#8221;]<\/p>\n<p>Vibekegade 10 st. tv.<br \/>2100 Kbh \u00d8<\/p>\n<p><a href=\"https:\/\/www.mcasien.com\/persondatapolitik\/\">Persondatapolitik hos M.C Asien<\/a>[\/et_pb_blurb][\/et_pb_column][et_pb_column type=&#8221;1_3&#8243; _builder_version=&#8221;4.16&#8243; custom_padding=&#8221;|||&#8221; global_colors_info=&#8221;{}&#8221; custom_padding__hover=&#8221;|||&#8221;][et_pb_blurb title=&#8221;Kontakt os&#8221; _builder_version=&#8221;4.16&#8243; header_level=&#8221;h3&#8243; header_font=&#8221;Roboto|||on|||||&#8221; header_text_color=&#8221;#ffffff&#8221; header_font_size=&#8221;25px&#8221; body_font=&#8221;Roboto||||||||&#8221; body_text_color=&#8221;#ffffff&#8221; z_index_tablet=&#8221;500&#8243; global_colors_info=&#8221;{}&#8221;]<\/p>\n<p>Tlf: +45 29 43 14 27<br \/>Email:\u00a0villadskokmortensen@gmail.com<\/p>\n<p>[\/et_pb_blurb][\/et_pb_column][et_pb_column type=&#8221;1_3&#8243; _builder_version=&#8221;4.16&#8243; custom_padding=&#8221;|||&#8221; global_colors_info=&#8221;{}&#8221; custom_padding__hover=&#8221;|||&#8221;][et_pb_blurb title=&#8221;SOCIALE MEDIER&#8221; _builder_version=&#8221;4.16&#8243; header_level=&#8221;h3&#8243; header_font=&#8221;Roboto|||on|||||&#8221; header_text_color=&#8221;#ffffff&#8221; header_font_size=&#8221;25px&#8221; z_index_tablet=&#8221;500&#8243; global_colors_info=&#8221;{}&#8221;][\/et_pb_blurb][et_pb_social_media_follow _builder_version=&#8221;4.16&#8243; custom_margin=&#8221;|||0px&#8221; custom_padding=&#8221;|||0px&#8221; global_colors_info=&#8221;{}&#8221;][et_pb_social_media_follow_network social_network=&#8221;facebook&#8221; url=&#8221;https:\/\/www.facebook.com\/MCASIEN\/&#8221; _builder_version=&#8221;4.16&#8243; background_color=&#8221;#3b5998&#8243; global_colors_info=&#8221;{}&#8221; follow_button=&#8221;off&#8221; url_new_window=&#8221;on&#8221;]facebook[\/et_pb_social_media_follow_network][et_pb_social_media_follow_network social_network=&#8221;youtube&#8221; url=&#8221;https:\/\/www.youtube.com\/channel\/UC2J7RSg1Fyz6Qb1NjVBE6FA?view_as=subscriber&#8221; _builder_version=&#8221;4.16&#8243; background_color=&#8221;#a82400&#8243; global_colors_info=&#8221;{}&#8221; follow_button=&#8221;off&#8221; url_new_window=&#8221;on&#8221;]youtube[\/et_pb_social_media_follow_network][et_pb_social_media_follow_network social_network=&#8221;instagram&#8221; url=&#8221;https:\/\/www.instagram.com\/villadskokmortensen\/&#8221; _builder_version=&#8221;4.16&#8243; background_color=&#8221;#ea2c59&#8243; global_colors_info=&#8221;{}&#8221; follow_button=&#8221;off&#8221; url_new_window=&#8221;on&#8221;]instagram[\/et_pb_social_media_follow_network][\/et_pb_social_media_follow][\/et_pb_column][\/et_pb_row][\/et_pb_section]<\/p>\n","protected":false},"excerpt":{"rendered":"<p>Want to experience the salt desert of Uyuni with wondrous rock formations and giant cacti? Red and green lagoons with flocks of flamingos? And the beautiful Lake Titicaca? Then come with us to Bolivia in South America! Travel through the jungle, over mountain passes and across the high plains of the Andes with views of black volcanoes and white glaciers.<br \/>\nBordering Peru, Chile, Argentina, Paraguay and Brazil, Bolivia is home to South America's most magnificent nature. And we've put together a route that showcases the best of the country.<\/p>","protected":false},"author":12,"featured_media":0,"parent":0,"menu_order":0,"comment_status":"closed","ping_status":"closed","template":"","meta":{"_acf_changed":false,"_et_pb_use_builder":"on","_et_pb_old_content":"","_et_gb_content_width":"","footnotes":""},"class_list":["post-36246","page","type-page","status-publish","hentry"],"acf":[],"aioseo_notices":[],"_links":{"self":[{"href":"https:\/\/www.mcasien.com\/en\/wp-json\/wp\/v2\/pages\/36246","targetHints":{"allow":["GET"]}}],"collection":[{"href":"https:\/\/www.mcasien.com\/en\/wp-json\/wp\/v2\/pages"}],"about":[{"href":"https:\/\/www.mcasien.com\/en\/wp-json\/wp\/v2\/types\/page"}],"author":[{"embeddable":true,"href":"https:\/\/www.mcasien.com\/en\/wp-json\/wp\/v2\/users\/12"}],"replies":[{"embeddable":true,"href":"https:\/\/www.mcasien.com\/en\/wp-json\/wp\/v2\/comments?post=36246"}],"version-history":[{"count":6,"href":"https:\/\/www.mcasien.com\/en\/wp-json\/wp\/v2\/pages\/36246\/revisions"}],"predecessor-version":[{"id":22989798,"href":"https:\/\/www.mcasien.com\/en\/wp-json\/wp\/v2\/pages\/36246\/revisions\/22989798"}],"wp:attachment":[{"href":"https:\/\/www.mcasien.com\/en\/wp-json\/wp\/v2\/media?parent=36246"}],"curies":[{"name":"wp","href":"https:\/\/api.w.org\/{rel}","templated":true}]}}