{"id":4093,"date":"2021-11-26T15:20:39","date_gmt":"2021-11-26T15:20:39","guid":{"rendered":"https:\/\/www.mcasien.com\/?page_id=4093"},"modified":"2026-03-26T13:37:51","modified_gmt":"2026-03-26T13:37:51","slug":"kerala","status":"publish","type":"page","link":"https:\/\/www.mcasien.com\/en\/kerala\/","title":{"rendered":"Kerala"},"content":{"rendered":"<p>[et_pb_section fb_built=&#8221;1&#8243; custom_padding_last_edited=&#8221;on|tablet&#8221; admin_label=&#8221;Contact Form&#8221; _builder_version=&#8221;4.16&#8243; custom_padding=&#8221;55px||2px||false|false&#8221; custom_padding_tablet=&#8221;60px|||&#8221; custom_padding_phone=&#8221;&#8221; global_colors_info=&#8221;{}&#8221;][et_pb_row custom_padding_last_edited=&#8221;on|phone&#8221; admin_label=&#8221;Blog Title&#8221; _builder_version=&#8221;4.16&#8243; background_size=&#8221;initial&#8221; background_position=&#8221;top_left&#8221; background_repeat=&#8221;repeat&#8221; custom_padding=&#8221;30px|0px|120px|0px&#8221; custom_padding_tablet=&#8221;0px||0px|&#8221; custom_padding_phone=&#8221;&#8221; global_colors_info=&#8221;{}&#8221;][et_pb_column type=&#8221;4_4&#8243; _builder_version=&#8221;4.16&#8243; custom_padding=&#8221;|||&#8221; global_colors_info=&#8221;{}&#8221; custom_padding__hover=&#8221;|||&#8221;][et_pb_text admin_label=&#8221;Look Inside Title&#8221; _builder_version=&#8221;4.16&#8243; text_font=&#8221;||||&#8221; text_text_color=&#8221;#1a1a1a&#8221; header_font=&#8221;Roboto|700||on|||||&#8221; header_text_align=&#8221;center&#8221; header_font_size=&#8221;40px&#8221; background_size=&#8221;initial&#8221; background_position=&#8221;top_left&#8221; background_repeat=&#8221;repeat&#8221; max_width=&#8221;450px&#8221; module_alignment=&#8221;center&#8221; custom_margin=&#8221;|||&#8221; custom_padding=&#8221;|||&#8221; animation_direction=&#8221;top&#8221; header_font_size_tablet=&#8221;&#8221; header_font_size_phone=&#8221;20px&#8221; header_font_size_last_edited=&#8221;on|desktop&#8221; locked=&#8221;off&#8221; global_colors_info=&#8221;{}&#8221;]<\/p>\n<h1>Kerala<\/h1>\n<p>[\/et_pb_text][et_pb_divider color=&#8221;#ffcc05&#8243; divider_position=&#8221;center&#8221; divider_weight=&#8221;3px&#8221; disabled_on=&#8221;on|on|off%22&#8243; _builder_version=&#8221;4.16&#8243; max_width=&#8221;150px&#8221; module_alignment=&#8221;center&#8221; height=&#8221;false&#8221; custom_margin=&#8221;30px|||&#8221; animation_direction=&#8221;top&#8221; locked=&#8221;off&#8221; global_colors_info=&#8221;{}&#8221;][\/et_pb_divider][\/et_pb_column][\/et_pb_row][et_pb_row column_structure=&#8221;3_5,2_5&#8243; _builder_version=&#8221;4.16&#8243; custom_padding=&#8221;27px|0px|100px|0px|false|false&#8221; global_colors_info=&#8221;{}&#8221;][et_pb_column type=&#8221;3_5&#8243; _builder_version=&#8221;4.16&#8243; custom_padding=&#8221;|||&#8221; global_colors_info=&#8221;{}&#8221; custom_padding__hover=&#8221;|||&#8221;][et_pb_blurb title=&#8221;Kerala i Sydindien&#8221; content_max_width=&#8221;600px&#8221; _builder_version=&#8221;4.16&#8243; header_level=&#8221;h2&#8243; header_font=&#8221;Roboto||||||||&#8221; header_font_size=&#8221;20px&#8221; body_font=&#8221;Roboto||||||||&#8221; body_text_color=&#8221;#000000&#8243; body_font_size=&#8221;12px&#8221; header_font_size_tablet=&#8221;&#8221; header_font_size_phone=&#8221;18px&#8221; header_font_size_last_edited=&#8221;on|phone&#8221; global_colors_info=&#8221;{}&#8221;]<\/p>\n<p class=\"smallHeader\">P\u00e5 motorcykelrejsen i det sydlige Indien k\u00f8rer vi gennem palmelunde, langs kanalerne i det enest\u00e5ende back waters og op i over 2.000 h\u00f8jdemeter i de tropiske bjerge med gr\u00f8nne tebuske, s\u00e5 langt \u00f8jet r\u00e6kker. <\/p>\n<p>Vi tager p\u00e5 jeepsafari i junglen p\u00e5 udkig efter leoparder og vilde elefanter, bes\u00f8ger lokale landsbyer i teplantagerne, smager p\u00e5 det l\u00e6kre sydindiske k\u00f8kken og overnatter p\u00e5 en hyggelig husb\u00e5d. Vi k\u00f8rer ogs\u00e5 langs Det indiske Ocean og overnatter p\u00e5 en af landets bedste badestrande, hvor man kan slappe af og nyde livet. Turen g\u00e5r ogs\u00e5 til det storsl\u00e5ede Padmanabhaswamy tempel \u2013 et af verdens rigeste templer og Sydindiens svar p\u00e5 Taj Mahal. <\/p>\n<p>Turen starter i den sagnomspundne og velbevarede koloniby, Fort Kochi, hvor Vasco da Gama endte sine dage d. 24 december 1524.<\/p>\n<p>Delstaten Kerala er gr\u00f8n og frodig og samtidig en af Indiens mest velfungerende delstater. Her kan hele 95 % af befolkningen b\u00e5de l\u00e6se og skrive og regionen er fri for den armod og fattigdom, der ellers afholder mange fra at rejse i Indien. <\/p>\n<p>Tag med p\u00e5 en eksotisk motorcykelrejse med dansk motorcykelguide, der viser det bedste af Sydindien frem.<\/p>\n<p>&nbsp;<\/p>\n<p>&nbsp;<\/p>\n<p>&nbsp;[\/et_pb_blurb][et_pb_blurb _builder_version=&#8221;4.16&#8243; body_font=&#8221;Roboto||||||||&#8221; body_text_color=&#8221;#000000&#8243; custom_padding=&#8221;|50px||0px|false|false&#8221; body_font_size_tablet=&#8221;&#8221; body_font_size_phone=&#8221;&#8221; body_font_size_last_edited=&#8221;on|desktop&#8221; saved_tabs=&#8221;all&#8221; global_colors_info=&#8221;{}&#8221;]<\/p>\n<p>Udfyld kontaktformularen <span style=\"text-decoration: underline;\"><a href=\"https:\/\/www.mcasien.com\/kontakt-os\/\">her<\/a><\/span> p\u00e5 hjemmesiden og f\u00e5 det fulde program med pris tilsendt. Eller ring p\u00e5 telefon +45 29 43 14 27<\/p>\n<p>[\/et_pb_blurb][\/et_pb_column][et_pb_column type=&#8221;2_5&#8243; _builder_version=&#8221;4.16&#8243; custom_padding=&#8221;|||&#8221; global_colors_info=&#8221;{}&#8221; custom_padding__hover=&#8221;|||&#8221;][et_pb_blurb title=&#8221;Praktisk Information&#8221; _builder_version=&#8221;4.16&#8243; header_level=&#8221;h2&#8243; header_font=&#8221;Roboto||||||||&#8221; header_text_color=&#8221;#000000&#8243; body_font=&#8221;Roboto||||||||&#8221; body_text_color=&#8221;#000000&#8243; global_colors_info=&#8221;{}&#8221;]M.C. ASIEN har mere end ti \u00e5rs erfaring med motorcykelrejser i Indien og s\u00f8rger for f\u00f8lgende:<br \/>\n&#8211; Internationale flybilletter<br \/>\n&#8211; Overnatninger p\u00e5 gode hoteller<br \/>\n&#8211; Lokal k\u00f8retilladelse<br \/>\n&#8211; Dansk MC-guide<br \/>\n&#8211; Motorcykler<br \/>\n&#8211; Olie, benzin og reservedele<br \/>\n&#8211; Engelsktalende lokal MC-guide, medrejsende mekaniker og f\u00f8lgek\u00f8ret\u00f8j, der b\u00e6rer bagage samt har plads til bags\u00e6depassagerer<br \/>\n&#8211; Junglesafari, udflugter, m\u00e5ltider og entreer if\u00f8lge program<br \/>\n&#8211; Informationsm\u00f8de f\u00f8r afrejse<br \/>\n&#8211; Bidrag til Rejsegarantifonden[\/et_pb_blurb][\/et_pb_column][\/et_pb_row][et_pb_row _builder_version=&#8221;4.16&#8243; global_colors_info=&#8221;{}&#8221;][et_pb_column type=&#8221;4_4&#8243; _builder_version=&#8221;4.16&#8243; custom_padding=&#8221;|||&#8221; global_colors_info=&#8221;{}&#8221; custom_padding__hover=&#8221;|||&#8221;][et_pb_blurb title=&#8221;Billeder fra turen&#8221; _builder_version=&#8221;4.16&#8243; header_level=&#8221;h2&#8243; header_font=&#8221;Roboto||||||||&#8221; header_font_size=&#8221;24px&#8221; text_orientation=&#8221;center&#8221; global_colors_info=&#8221;{}&#8221;][\/et_pb_blurb][et_pb_gallery gallery_ids=&#8221;4105,4104,4103,4102,4101,4100,4099,4098&#8243; posts_number=&#8221;8&#8243; show_title_and_caption=&#8221;off&#8221; _builder_version=&#8221;4.16&#8243; z_index_tablet=&#8221;500&#8243; global_colors_info=&#8221;{}&#8221;][\/et_pb_gallery][\/et_pb_column][\/et_pb_row][et_pb_row _builder_version=&#8221;4.16&#8243; custom_padding=&#8221;100px|0px|27px|0px|false|false&#8221; global_colors_info=&#8221;{}&#8221;][et_pb_column type=&#8221;4_4&#8243; _builder_version=&#8221;4.16&#8243; custom_padding=&#8221;|||&#8221; global_colors_info=&#8221;{}&#8221; custom_padding__hover=&#8221;|||&#8221;][et_pb_blurb title=&#8221;Kontakt os&#8221; content_max_width=&#8221;565px&#8221; content_max_width_tablet=&#8221;&#8221; content_max_width_phone=&#8221;&#8221; content_max_width_last_edited=&#8221;on|desktop&#8221; _builder_version=&#8221;4.16&#8243; header_level=&#8221;h3&#8243; header_font=&#8221;Roboto|700|||||||&#8221; header_text_align=&#8221;center&#8221; global_colors_info=&#8221;{}&#8221;]Send en email og f\u00e5 det fulde program med pris tilsendt eller ring p\u00e5: +45 29 43 14 27[\/et_pb_blurb][et_pb_code _builder_version=&#8221;4.16&#8243; global_colors_info=&#8221;{}&#8221;]<p class=\"wpcf7-contact-form-not-found\"><strong>Error:<\/strong> Contact form not found.<\/p>[\/et_pb_code][\/et_pb_column][\/et_pb_row][\/et_pb_section][et_pb_section fb_built=&#8221;1&#8243; _builder_version=&#8221;4.16&#8243; global_colors_info=&#8221;{}&#8221;][et_pb_row _builder_version=&#8221;4.16&#8243; custom_padding=&#8221;0|0px|0|0px|false|false&#8221; border_color_all=&#8221;#ffcc05&#8243; border_width_top=&#8221;3px&#8221; global_colors_info=&#8221;{}&#8221;][et_pb_column type=&#8221;4_4&#8243; _builder_version=&#8221;4.16&#8243; custom_padding=&#8221;|||&#8221; global_colors_info=&#8221;{}&#8221; custom_padding__hover=&#8221;|||&#8221;][\/et_pb_column][\/et_pb_row][\/et_pb_section][et_pb_section fb_built=&#8221;1&#8243; _builder_version=&#8221;4.16&#8243; global_colors_info=&#8221;{}&#8221;][et_pb_row _builder_version=&#8221;4.16&#8243; global_colors_info=&#8221;{}&#8221;][et_pb_column type=&#8221;4_4&#8243; _builder_version=&#8221;4.16&#8243; custom_padding=&#8221;|||&#8221; global_colors_info=&#8221;{}&#8221; custom_padding__hover=&#8221;|||&#8221;][et_pb_blurb title=&#8221;Hoteller&#8221; _builder_version=&#8221;4.16&#8243; header_level=&#8221;h2&#8243; header_font=&#8221;Roboto||||||||&#8221; header_font_size=&#8221;24px&#8221; text_orientation=&#8221;center&#8221; global_colors_info=&#8221;{}&#8221;][\/et_pb_blurb][et_pb_gallery gallery_ids=&#8221;4108,4109,4110,4111,4112,4113,4114,4115&#8243; posts_number=&#8221;8&#8243; show_title_and_caption=&#8221;off&#8221; _builder_version=&#8221;4.16&#8243; z_index_tablet=&#8221;500&#8243; global_colors_info=&#8221;{}&#8221;][\/et_pb_gallery][\/et_pb_column][\/et_pb_row][\/et_pb_section][et_pb_section fb_built=&#8221;1&#8243; admin_label=&#8221;Promo&#8221; _builder_version=&#8221;4.16&#8243; background_color=&#8221;rgba(0,0,0,0.5)&#8221; background_image=&#8221;https:\/\/www.mcasien.com\/wp-content\/uploads\/2020\/03\/NyhedsBrevBG.jpg&#8221; background_blend=&#8221;color&#8221; custom_padding=&#8221;120px||120px|&#8221; z_index_tablet=&#8221;500&#8243; saved_tabs=&#8221;all&#8221; global_colors_info=&#8221;{}&#8221;][et_pb_row _builder_version=&#8221;4.16&#8243; global_colors_info=&#8221;{}&#8221;][et_pb_column type=&#8221;4_4&#8243; _builder_version=&#8221;4.16&#8243; global_colors_info=&#8221;{}&#8221;][et_pb_signup mailchimp_list=&#8221;NyhedsbrevMCAsien|4ebaf2396a&#8221; success_message=&#8221;Du er nu tilmeldt vores nyhedsbrev!&#8221; title=&#8221;Modtag M.C. ASIENS Nyhedsbrev&#8221; button_text=&#8221;Tilmeld&#8221; description=&#8221;<\/p>\n<p>VIL DU MODTAGE INFORMATION OM MOTORCYKELREJSER OG INVITERES TIL SP\u00c6NDENDE REJSEFOREDRAG?<\/p>\n<p>S\u00e5 tilmeld dig vores nyhedsbrev. Her vil du l\u00f8bende modtage artikler fra motorcykelrejserne og f\u00e5 invitationer til rejseforedrag rundt omkring i landet.<\/p>\n<p>&#8221; description_tablet=&#8221;&#8221; description_phone=&#8221;<\/p>\n<p>VIL DU MODTAGE INFORMATION OM MOTORCYKELREJSER OG INVITERES TIL SP\u00c6NDENDE REJSEFOREDRAG?<\/p>\n<p>S\u00e5 tilmeld dig vores nyhedsbrev. Her vil du l\u00f8bende modtage artikler fra motorcykelrejserne og f\u00e5 invitationer til rejseforedrag rundt omkring i landet.<\/p>\n<p>&#8221; description_last_edited=&#8221;on|phone&#8221; _builder_version=&#8221;4.16&#8243; header_font=&#8221;Roboto||||||||&#8221; header_font_size=&#8221;30px&#8221; body_font=&#8221;Roboto||||||||&#8221; body_font_size=&#8221;17px&#8221; result_message_font=&#8221;Roboto||||||||&#8221; background_color=&#8221;rgba(0,0,0,0)&#8221; custom_button=&#8221;on&#8221; button_text_size=&#8221;20px&#8221; button_text_color=&#8221;#ffcc05&#8243; button_bg_color=&#8221;rgba(0,0,0,0)&#8221; button_border_color=&#8221;#ffcc05&#8243; button_font=&#8221;Roboto||||||||&#8221; button_icon=&#8221;&#x4e;||divi||400&#8243; header_font_size_tablet=&#8221;&#8221; header_font_size_phone=&#8221;22px&#8221; header_font_size_last_edited=&#8221;on|phone&#8221; body_font_size_tablet=&#8221;&#8221; body_font_size_phone=&#8221;14px&#8221; body_font_size_last_edited=&#8221;on|phone&#8221; global_colors_info=&#8221;{}&#8221;][\/et_pb_signup][\/et_pb_column][\/et_pb_row][\/et_pb_section][et_pb_section fb_built=&#8221;1&#8243; _builder_version=&#8221;4.16&#8243; background_color=&#8221;#161616&#8243; custom_padding=&#8221;40px|0px|0|0px|false|false&#8221; global_colors_info=&#8221;{}&#8221;][et_pb_row column_structure=&#8221;1_3,1_3,1_3&#8243; _builder_version=&#8221;4.16&#8243; global_colors_info=&#8221;{}&#8221;][et_pb_column type=&#8221;1_3&#8243; _builder_version=&#8221;4.16&#8243; custom_padding=&#8221;|||&#8221; global_colors_info=&#8221;{}&#8221; custom_padding__hover=&#8221;|||&#8221;][et_pb_blurb title=&#8221;MC ASIEN&#8221; _builder_version=&#8221;4.16&#8243; header_level=&#8221;h3&#8243; header_font=&#8221;Roboto|||on|||||&#8221; header_text_color=&#8221;#ffffff&#8221; header_font_size=&#8221;25px&#8221; body_font=&#8221;Roboto||||||||&#8221; body_text_color=&#8221;#ffffff&#8221; z_index_tablet=&#8221;500&#8243; global_colors_info=&#8221;{}&#8221;]<\/p>\n<p>Vibekegade 10 st. tv.<br \/>2100 Kbh \u00d8<\/p>\n<p><a href=\"https:\/\/www.mcasien.com\/persondatapolitik\/\">Persondatapolitik hos M.C Asien<\/a>[\/et_pb_blurb][\/et_pb_column][et_pb_column type=&#8221;1_3&#8243; _builder_version=&#8221;4.16&#8243; custom_padding=&#8221;|||&#8221; global_colors_info=&#8221;{}&#8221; custom_padding__hover=&#8221;|||&#8221;][et_pb_blurb title=&#8221;Kontakt os&#8221; _builder_version=&#8221;4.16&#8243; header_level=&#8221;h3&#8243; header_font=&#8221;Roboto|||on|||||&#8221; header_text_color=&#8221;#ffffff&#8221; header_font_size=&#8221;25px&#8221; body_font=&#8221;Roboto||||||||&#8221; body_text_color=&#8221;#ffffff&#8221; z_index_tablet=&#8221;500&#8243; global_colors_info=&#8221;{}&#8221;]<\/p>\n<p>Tlf: +45 29 43 14 27<br \/>Email:\u00a0villadskokmortensen@gmail.com<\/p>\n<p>[\/et_pb_blurb][\/et_pb_column][et_pb_column type=&#8221;1_3&#8243; _builder_version=&#8221;4.16&#8243; custom_padding=&#8221;|||&#8221; global_colors_info=&#8221;{}&#8221; custom_padding__hover=&#8221;|||&#8221;][et_pb_blurb title=&#8221;SOCIALE MEDIER&#8221; _builder_version=&#8221;4.16&#8243; header_level=&#8221;h3&#8243; header_font=&#8221;Roboto|||on|||||&#8221; header_text_color=&#8221;#ffffff&#8221; header_font_size=&#8221;25px&#8221; z_index_tablet=&#8221;500&#8243; global_colors_info=&#8221;{}&#8221;][\/et_pb_blurb][et_pb_social_media_follow _builder_version=&#8221;4.16&#8243; custom_margin=&#8221;|||0px&#8221; custom_padding=&#8221;|||0px&#8221; global_colors_info=&#8221;{}&#8221;][et_pb_social_media_follow_network social_network=&#8221;facebook&#8221; url=&#8221;https:\/\/www.facebook.com\/MCASIEN\/&#8221; _builder_version=&#8221;4.16&#8243; background_color=&#8221;#3b5998&#8243; global_colors_info=&#8221;{}&#8221; follow_button=&#8221;off&#8221; url_new_window=&#8221;on&#8221;]facebook[\/et_pb_social_media_follow_network][et_pb_social_media_follow_network social_network=&#8221;youtube&#8221; url=&#8221;https:\/\/www.youtube.com\/channel\/UC2J7RSg1Fyz6Qb1NjVBE6FA?view_as=subscriber&#8221; _builder_version=&#8221;4.16&#8243; background_color=&#8221;#a82400&#8243; global_colors_info=&#8221;{}&#8221; follow_button=&#8221;off&#8221; url_new_window=&#8221;on&#8221;]youtube[\/et_pb_social_media_follow_network][et_pb_social_media_follow_network social_network=&#8221;instagram&#8221; url=&#8221;https:\/\/www.instagram.com\/villadskokmortensen\/&#8221; _builder_version=&#8221;4.16&#8243; background_color=&#8221;#ea2c59&#8243; global_colors_info=&#8221;{}&#8221; follow_button=&#8221;off&#8221; url_new_window=&#8221;on&#8221;]instagram[\/et_pb_social_media_follow_network][\/et_pb_social_media_follow][\/et_pb_column][\/et_pb_row][\/et_pb_section][et_pb_section fb_built=&#8221;1&#8243; _builder_version=&#8221;4.16&#8243; background_color=&#8221;#161616&#8243; custom_padding=&#8221;40px|0px|0|0px|false|false&#8221; global_colors_info=&#8221;{}&#8221;][et_pb_row column_structure=&#8221;1_3,1_3,1_3&#8243; _builder_version=&#8221;4.16&#8243; global_colors_info=&#8221;{}&#8221;][et_pb_column type=&#8221;1_3&#8243; _builder_version=&#8221;4.16&#8243; custom_padding=&#8221;|||&#8221; global_colors_info=&#8221;{}&#8221; custom_padding__hover=&#8221;|||&#8221;][et_pb_blurb title=&#8221;MC ASIEN&#8221; _builder_version=&#8221;4.16&#8243; header_level=&#8221;h3&#8243; header_font=&#8221;Roboto|||on|||||&#8221; header_text_color=&#8221;#ffffff&#8221; header_font_size=&#8221;25px&#8221; body_font=&#8221;Roboto||||||||&#8221; body_text_color=&#8221;#ffffff&#8221; z_index_tablet=&#8221;500&#8243; global_colors_info=&#8221;{}&#8221;]<\/p>\n<p>Vibekegade 10 st. tv.<br \/>2100 Kbh \u00d8<\/p>\n<p><a href=\"https:\/\/www.mcasien.com\/persondatapolitik\/\">Persondatapolitik hos M.C Asien<\/a>[\/et_pb_blurb][\/et_pb_column][et_pb_column type=&#8221;1_3&#8243; _builder_version=&#8221;4.16&#8243; custom_padding=&#8221;|||&#8221; global_colors_info=&#8221;{}&#8221; custom_padding__hover=&#8221;|||&#8221;][et_pb_blurb title=&#8221;Kontakt os&#8221; _builder_version=&#8221;4.16&#8243; header_level=&#8221;h3&#8243; header_font=&#8221;Roboto|||on|||||&#8221; header_text_color=&#8221;#ffffff&#8221; header_font_size=&#8221;25px&#8221; body_font=&#8221;Roboto||||||||&#8221; body_text_color=&#8221;#ffffff&#8221; z_index_tablet=&#8221;500&#8243; global_colors_info=&#8221;{}&#8221;]<\/p>\n<p>Tlf: +45 29 43 14 27<br \/>Email:\u00a0villadskokmortensen@gmail.com<\/p>\n<p>[\/et_pb_blurb][\/et_pb_column][et_pb_column type=&#8221;1_3&#8243; _builder_version=&#8221;4.16&#8243; custom_padding=&#8221;|||&#8221; global_colors_info=&#8221;{}&#8221; custom_padding__hover=&#8221;|||&#8221;][et_pb_blurb title=&#8221;SOCIALE MEDIER&#8221; _builder_version=&#8221;4.16&#8243; header_level=&#8221;h3&#8243; header_font=&#8221;Roboto|||on|||||&#8221; header_text_color=&#8221;#ffffff&#8221; header_font_size=&#8221;25px&#8221; z_index_tablet=&#8221;500&#8243; global_colors_info=&#8221;{}&#8221;][\/et_pb_blurb][et_pb_social_media_follow _builder_version=&#8221;4.16&#8243; custom_margin=&#8221;|||0px&#8221; custom_padding=&#8221;|||0px&#8221; global_colors_info=&#8221;{}&#8221;][et_pb_social_media_follow_network social_network=&#8221;facebook&#8221; url=&#8221;https:\/\/www.facebook.com\/MCASIEN\/&#8221; _builder_version=&#8221;4.16&#8243; background_color=&#8221;#3b5998&#8243; global_colors_info=&#8221;{}&#8221; follow_button=&#8221;off&#8221; url_new_window=&#8221;on&#8221;]facebook[\/et_pb_social_media_follow_network][et_pb_social_media_follow_network social_network=&#8221;youtube&#8221; url=&#8221;https:\/\/www.youtube.com\/channel\/UC2J7RSg1Fyz6Qb1NjVBE6FA?view_as=subscriber&#8221; _builder_version=&#8221;4.16&#8243; background_color=&#8221;#a82400&#8243; global_colors_info=&#8221;{}&#8221; follow_button=&#8221;off&#8221; url_new_window=&#8221;on&#8221;]youtube[\/et_pb_social_media_follow_network][et_pb_social_media_follow_network social_network=&#8221;instagram&#8221; url=&#8221;https:\/\/www.instagram.com\/villadskokmortensen\/&#8221; _builder_version=&#8221;4.16&#8243; background_color=&#8221;#ea2c59&#8243; global_colors_info=&#8221;{}&#8221; follow_button=&#8221;off&#8221; url_new_window=&#8221;on&#8221;]instagram[\/et_pb_social_media_follow_network][\/et_pb_social_media_follow][\/et_pb_column][\/et_pb_row][\/et_pb_section]<\/p>\n","protected":false},"excerpt":{"rendered":"<p>On the South India motorcycle tour, we drive through palm groves, along the canals of the unique backwaters and up over 2,000 meters in the tropical mountains with green tea bushes as far as the eye can see. We'll go on jeep safaris in the jungle looking for leopards and wild elephants, visit local villages in the tea plantations, taste delicious South Indian cuisine and spend the night on a cozy houseboat. We'll also drive along the Indian Ocean and spend the night at one of the country's best beaches where you can relax and enjoy life. We visit the magnificent Padmanabhaswamy Temple - one of the world's richest temples and South India's answer to the Taj Mahal. The tour starts in the fabled and well-preserved colonial city, Fort Kochi, where Vasco da Gama ended his days on December 24, 1524. The state of Kerala is green and lush and one of the most prosperous states in India. Here, 95 % of the population can both read and write, and the region is free from the poverty and deprivation that prevents many from traveling in India. Join an exotic motorcycle tour with a Danish motorcycle guide who will show you the best of South India.<\/p>","protected":false},"author":12,"featured_media":0,"parent":0,"menu_order":0,"comment_status":"closed","ping_status":"closed","template":"","meta":{"_acf_changed":false,"_et_pb_use_builder":"on","_et_pb_old_content":"","_et_gb_content_width":"","footnotes":""},"class_list":["post-4093","page","type-page","status-publish","hentry"],"acf":[],"aioseo_notices":[],"_links":{"self":[{"href":"https:\/\/www.mcasien.com\/en\/wp-json\/wp\/v2\/pages\/4093","targetHints":{"allow":["GET"]}}],"collection":[{"href":"https:\/\/www.mcasien.com\/en\/wp-json\/wp\/v2\/pages"}],"about":[{"href":"https:\/\/www.mcasien.com\/en\/wp-json\/wp\/v2\/types\/page"}],"author":[{"embeddable":true,"href":"https:\/\/www.mcasien.com\/en\/wp-json\/wp\/v2\/users\/12"}],"replies":[{"embeddable":true,"href":"https:\/\/www.mcasien.com\/en\/wp-json\/wp\/v2\/comments?post=4093"}],"version-history":[{"count":16,"href":"https:\/\/www.mcasien.com\/en\/wp-json\/wp\/v2\/pages\/4093\/revisions"}],"predecessor-version":[{"id":22989976,"href":"https:\/\/www.mcasien.com\/en\/wp-json\/wp\/v2\/pages\/4093\/revisions\/22989976"}],"wp:attachment":[{"href":"https:\/\/www.mcasien.com\/en\/wp-json\/wp\/v2\/media?parent=4093"}],"curies":[{"name":"wp","href":"https:\/\/api.w.org\/{rel}","templated":true}]}}