{"id":67363,"date":"2017-08-07T13:32:44","date_gmt":"2017-08-07T13:32:44","guid":{"rendered":"http:\/\/roam.mikado-themes.com\/?page_id=644"},"modified":"2026-03-09T17:53:28","modified_gmt":"2026-03-09T17:53:28","slug":"foredrag","status":"publish","type":"page","link":"https:\/\/www.mcasien.com\/en\/foredrag\/","title":{"rendered":"Lecture"},"content":{"rendered":"<p>[et_pb_section fb_built=&#8221;1&#8243; _builder_version=&#8221;4.24.0&#8243; _module_preset=&#8221;default&#8221; global_colors_info=&#8221;{}&#8221;][et_pb_row column_structure=&#8221;1_2,1_2&#8243; _builder_version=&#8221;4.24.0&#8243; _module_preset=&#8221;default&#8221; global_colors_info=&#8221;{}&#8221;][et_pb_column type=&#8221;1_2&#8243; _builder_version=&#8221;4.24.0&#8243; _module_preset=&#8221;default&#8221; global_colors_info=&#8221;{}&#8221;][et_pb_image src=&#8221;https:\/\/www.mcasien.com\/wp-content\/uploads\/2024\/01\/Villads-Mortensen1.jpg&#8221; title_text=&#8221;Villads-Mortensen1&#8243; _builder_version=&#8221;4.24.0&#8243; _module_preset=&#8221;default&#8221; global_colors_info=&#8221;{}&#8221;][\/et_pb_image][\/et_pb_column][et_pb_column type=&#8221;1_2&#8243; _builder_version=&#8221;4.24.0&#8243; _module_preset=&#8221;default&#8221; global_colors_info=&#8221;{}&#8221;][et_pb_text _builder_version=&#8221;4.24.0&#8243; _module_preset=&#8221;default&#8221; text_text_color=&#8221;#000000&#8243; header_font=&#8221;Merriweather|700|||||||&#8221; header_font_size=&#8221;29px&#8221; header_2_font=&#8221;Merriweather||on||||||&#8221; header_2_text_color=&#8221;#ff681a&#8221; header_2_font_size=&#8221;20px&#8221; global_colors_info=&#8221;{}&#8221;]<\/p>\n<h1>REJSEFOREDRAG MED M.C. ASIEN<\/h1>\n<h2>P\u00c5 MOTORCYKEL OVER VERDENS H\u00d8JESTE BJERGPAS<\/h2>\n<p>M.C. Asiens grundl\u00e6gger, Villads Mortensen, har brugt de sidste 12 \u00e5r af sit liv p\u00e5 at slide vejene tynde p\u00e5 motorcykel i Peru, Madagaskar, Indien, Nepal, Bhutan, Vietnam og i mange andre lande. Dette foredrag handler om hans yndlingsdestination: Indiens Himalaya, som har noget af verdens mest storsl\u00e5ede og ufremkommelige terr\u00e6n.<\/p>\n<p>Foredraget handler om at samle lokale blaffere op i 4500 meters h\u00f8jde, om at lade sig rive med af stemningen og rytmerne ved farverige hinduistiske bryllupper, om at drikke saltet te og bo hos en lokal, muslimsk familie i Kashmir og om at tage til morgenb\u00f8n med monoton munkesang i antikke klostre i buddhistiske Ladakh.<\/p>\n<p>Og s\u00e5 handler det om at k\u00f8re gennem himmel\u00f8rkenen p\u00e5 en af verdens h\u00f8jest beliggende veje p\u00e5 det Tibetanske Plateau, hvor kun st\u00f8vet og vinden er ens rejsef\u00e6ller. Foredraget er en tour de force i Himalayas kultur, historie og mange religioner og best\u00e5r af en fremvisning af billeder fra rejserne, krydret med personlige anekdoter.[\/et_pb_text][et_pb_button button_url=&#8221;https:\/\/www.mcasien.com\/kontakt-os\/&#8221; button_text=&#8221;Kontakt os&#8221; _builder_version=&#8221;4.24.0&#8243; _module_preset=&#8221;default&#8221; custom_button=&#8221;on&#8221; button_text_color=&#8221;#FFFFFF&#8221; button_bg_color=&#8221;#ff681a&#8221; global_colors_info=&#8221;{}&#8221;][\/et_pb_button][\/et_pb_column][\/et_pb_row][et_pb_row column_structure=&#8221;1_3,1_3,1_3&#8243; _builder_version=&#8221;4.24.2&#8243; _module_preset=&#8221;default&#8221; global_colors_info=&#8221;{}&#8221;][et_pb_column type=&#8221;1_3&#8243; _builder_version=&#8221;4.24.2&#8243; _module_preset=&#8221;default&#8221; global_colors_info=&#8221;{}&#8221;][et_pb_code _builder_version=&#8221;4.24.2&#8243; _module_preset=&#8221;default&#8221; global_colors_info=&#8221;{}&#8221;]<iframe loading=\"lazy\" width=\"560\" height=\"315\" src=\"https:\/\/www.youtube.com\/embed\/o11I540bydM?si=oqEve8Nx2TU5by2L\" title=\"YouTube video player\" frameborder=\"0\" allow=\"accelerometer; autoplay; clipboard-write; encrypted-media; gyroscope; picture-in-picture; web-share\" referrerpolicy=\"strict-origin-when-cross-origin\" allowfullscreen><\/iframe>[\/et_pb_code][\/et_pb_column][et_pb_column type=&#8221;1_3&#8243; _builder_version=&#8221;4.24.2&#8243; _module_preset=&#8221;default&#8221; global_colors_info=&#8221;{}&#8221;][et_pb_code _builder_version=&#8221;4.24.2&#8243; _module_preset=&#8221;default&#8221; global_colors_info=&#8221;{}&#8221;]<iframe loading=\"lazy\" width=\"560\" height=\"315\" src=\"https:\/\/www.youtube.com\/embed\/lzd1GYYn7Fk?si=3SdCyhTAYCtgPpXl\" title=\"YouTube video player\" frameborder=\"0\" allow=\"accelerometer; autoplay; clipboard-write; encrypted-media; gyroscope; picture-in-picture; web-share\" referrerpolicy=\"strict-origin-when-cross-origin\" allowfullscreen><\/iframe>[\/et_pb_code][\/et_pb_column][et_pb_column type=&#8221;1_3&#8243; _builder_version=&#8221;4.24.2&#8243; _module_preset=&#8221;default&#8221; global_colors_info=&#8221;{}&#8221;][et_pb_code _builder_version=&#8221;4.24.2&#8243; _module_preset=&#8221;default&#8221; global_colors_info=&#8221;{}&#8221;]<iframe loading=\"lazy\" width=\"560\" height=\"315\" src=\"https:\/\/www.youtube.com\/embed\/gJWHmaK50Xc?si=D93mqTPYBDWf4Tsp\" title=\"YouTube video player\" frameborder=\"0\" allow=\"accelerometer; autoplay; clipboard-write; encrypted-media; gyroscope; picture-in-picture; web-share\" referrerpolicy=\"strict-origin-when-cross-origin\" allowfullscreen><\/iframe>[\/et_pb_code][\/et_pb_column][\/et_pb_row][\/et_pb_section][et_pb_section fb_built=&#8221;1&#8243; _builder_version=&#8221;4.24.0&#8243; _module_preset=&#8221;default&#8221; background_color=&#8221;#474747&#8243; background_enable_color=&#8221;off&#8221; background_image=&#8221;https:\/\/www.mcasien.com\/wp-content\/uploads\/2024\/02\/h5-parallax-1.png&#8221; background_enable_pattern_style=&#8221;on&#8221; background_pattern_style=&#8221;zig-zag-2&#8243; background_pattern_color=&#8221;rgba(0,0,0,0.1)&#8221; global_module=&#8221;22988407&#8243; saved_tabs=&#8221;all&#8221; global_colors_info=&#8221;{}&#8221;][et_pb_row _builder_version=&#8221;4.20.4&#8243; _module_preset=&#8221;default&#8221; global_colors_info=&#8221;{}&#8221;][et_pb_column type=&#8221;4_4&#8243; _builder_version=&#8221;4.27.4&#8243; _module_preset=&#8221;default&#8221; global_colors_info=&#8221;{}&#8221;][et_pb_text _builder_version=&#8221;4.27.4&#8243; _module_preset=&#8221;default&#8221; text_font=&#8221;|600|||||||&#8221; text_text_color=&#8221;#FFFFFF&#8221; text_font_size=&#8221;30px&#8221; text_orientation=&#8221;center&#8221; global_colors_info=&#8221;{}&#8221;]<\/p>\n<p>Oplev verden p\u00e5 to hjul med M.C. ASIEN<\/p>\n<p>[\/et_pb_text][\/et_pb_column][\/et_pb_row][et_pb_row _builder_version=&#8221;4.20.4&#8243; _module_preset=&#8221;default&#8221; global_colors_info=&#8221;{}&#8221;][et_pb_column type=&#8221;4_4&#8243; _builder_version=&#8221;4.27.4&#8243; _module_preset=&#8221;default&#8221; global_colors_info=&#8221;{}&#8221;][et_pb_image src=&#8221;https:\/\/www.mcasien.com\/wp-content\/uploads\/2026\/02\/home-11-slider-2-image-1-1.webp&#8221; title_text=&#8221;home-11-slider-2-image-1&#8243; _builder_version=&#8221;4.27.5&#8243; _module_preset=&#8221;default&#8221; global_colors_info=&#8221;{}&#8221;][\/et_pb_image][\/et_pb_column][\/et_pb_row][\/et_pb_section][et_pb_section fb_built=&#8221;1&#8243; _builder_version=&#8221;4.24.0&#8243; _module_preset=&#8221;default&#8221; global_colors_info=&#8221;{}&#8221;][et_pb_row column_structure=&#8221;1_2,1_2&#8243; _builder_version=&#8221;4.24.0&#8243; _module_preset=&#8221;default&#8221; global_colors_info=&#8221;{}&#8221;][et_pb_column type=&#8221;1_2&#8243; _builder_version=&#8221;4.24.0&#8243; _module_preset=&#8221;default&#8221; global_colors_info=&#8221;{}&#8221;][et_pb_image src=&#8221;https:\/\/www.mcasien.com\/wp-content\/uploads\/2026\/03\/Logo-MCASIEN_TIGER.png&#8221; alt=&#8221;MC Asien Logo&#8221; title_text=&#8221;Logo MCASIEN_TIGER&#8221; _builder_version=&#8221;4.27.5&#8243; _module_preset=&#8221;default&#8221; max_width=&#8221;70%&#8221; hover_enabled=&#8221;0&#8243; global_colors_info=&#8221;{}&#8221; sticky_enabled=&#8221;0&#8243;][\/et_pb_image][\/et_pb_column][et_pb_column type=&#8221;1_2&#8243; _builder_version=&#8221;4.24.0&#8243; _module_preset=&#8221;default&#8221; global_colors_info=&#8221;{}&#8221;][et_pb_text _builder_version=&#8221;4.24.0&#8243; _module_preset=&#8221;default&#8221; text_text_color=&#8221;#000000&#8243; header_3_font=&#8221;Merriweather|700|||||||&#8221; header_3_font_size=&#8221;25px&#8221; global_colors_info=&#8221;{}&#8221;]<\/p>\n<h3>UDTALELSER<\/h3>\n<p>Jeg deltog prim\u00e6rt fordi jeg havde inviteret en kammerat, som er glad for at rejse p\u00e5 motorcykel, og oplevede s\u00e5 \u00e9t af de mest \u201cbjergtagende\u201d foredrag jeg nogensinde har h\u00f8rt.<\/p>\n<p>Velfortalt, informativt, autentisk usminket, f\u00e6ngslende, sjovt, menneskek\u00e6rligt og med levnedsskildringer, der s\u00e6tter perspektiv p\u00e5 tilv\u00e6relsen.<br \/>\nFotos var ogs\u00e5 helt fantastiske. Stor respekt. \u2013 Mette Schantz<\/p>\n<p>Mette Schantz<br \/>\ndeltager ved tidligere foredrag[\/et_pb_text][\/et_pb_column][\/et_pb_row][\/et_pb_section]<\/p>\n","protected":false},"excerpt":{"rendered":"<p>REJSEFOREDRAG MED M.C. ASIEN P\u00c5 MOTORCYKEL OVER VERDENS H\u00d8JESTE BJERGPAS M.C. Asiens grundl\u00e6gger, Villads Mortensen, har brugt de sidste 12 \u00e5r af sit liv p\u00e5 at slide vejene tynde p\u00e5 motorcykel i Peru, Madagaskar, Indien, Nepal, Bhutan, Vietnam og i mange andre lande. Dette foredrag handler om hans yndlingsdestination: Indiens Himalaya, som har noget af [&hellip;]<\/p>\n","protected":false},"author":12,"featured_media":0,"parent":0,"menu_order":0,"comment_status":"closed","ping_status":"closed","template":"","meta":{"_acf_changed":false,"_et_pb_use_builder":"on","_et_pb_old_content":"","_et_gb_content_width":"","footnotes":""},"class_list":["post-67363","page","type-page","status-publish","hentry"],"acf":[],"aioseo_notices":[],"_links":{"self":[{"href":"https:\/\/www.mcasien.com\/en\/wp-json\/wp\/v2\/pages\/67363","targetHints":{"allow":["GET"]}}],"collection":[{"href":"https:\/\/www.mcasien.com\/en\/wp-json\/wp\/v2\/pages"}],"about":[{"href":"https:\/\/www.mcasien.com\/en\/wp-json\/wp\/v2\/types\/page"}],"author":[{"embeddable":true,"href":"https:\/\/www.mcasien.com\/en\/wp-json\/wp\/v2\/users\/12"}],"replies":[{"embeddable":true,"href":"https:\/\/www.mcasien.com\/en\/wp-json\/wp\/v2\/comments?post=67363"}],"version-history":[{"count":2,"href":"https:\/\/www.mcasien.com\/en\/wp-json\/wp\/v2\/pages\/67363\/revisions"}],"predecessor-version":[{"id":22989972,"href":"https:\/\/www.mcasien.com\/en\/wp-json\/wp\/v2\/pages\/67363\/revisions\/22989972"}],"wp:attachment":[{"href":"https:\/\/www.mcasien.com\/en\/wp-json\/wp\/v2\/media?parent=67363"}],"curies":[{"name":"wp","href":"https:\/\/api.w.org\/{rel}","templated":true}]}}