{"id":67365,"date":"2017-08-08T07:54:16","date_gmt":"2017-08-08T07:54:16","guid":{"rendered":"http:\/\/roam.mikado-themes.com\/?page_id=758"},"modified":"2025-05-08T10:33:32","modified_gmt":"2025-05-08T10:33:32","slug":"kontakt-os","status":"publish","type":"page","link":"https:\/\/www.mcasien.com\/en\/kontakt-os\/","title":{"rendered":"Contact us"},"content":{"rendered":"<p>[et_pb_section fb_built=&#8221;1&#8243; _builder_version=&#8221;4.24.0&#8243; _module_preset=&#8221;default&#8221; global_colors_info=&#8221;{}&#8221;][et_pb_row column_structure=&#8221;1_2,1_2&#8243; _builder_version=&#8221;4.24.0&#8243; _module_preset=&#8221;default&#8221; global_colors_info=&#8221;{}&#8221;][et_pb_column type=&#8221;1_2&#8243; _builder_version=&#8221;4.24.0&#8243; _module_preset=&#8221;default&#8221; global_colors_info=&#8221;{}&#8221;][et_pb_text _builder_version=&#8221;4.24.0&#8243; _module_preset=&#8221;default&#8221; text_text_color=&#8221;#000000&#8243; header_font=&#8221;Merriweather|700|||||||&#8221; header_2_font=&#8221;Merriweather||||||||&#8221; header_2_font_size=&#8221;17px&#8221; global_colors_info=&#8221;{}&#8221;]<\/p>\n<h1>HAR DU SP\u00d8RGSM\u00c5L S\u00c5 KONTAKT OS HER<\/h1>\n<p><em>ADRESSE: Vibekegade 10 st. tv. 2100 Kbh \u00d8<\/em><br \/>\n<em>TELEFON : +45 29 43 14 27<\/em><br \/>\n<em>EMAIL: villadskokmortensen@gmail.com<\/em>[\/et_pb_text][et_pb_text _builder_version=&#8221;4.24.0&#8243; _module_preset=&#8221;default&#8221; text_text_color=&#8221;#000000&#8243; header_font=&#8221;Merriweather|700|||||||&#8221; header_2_font=&#8221;Merriweather|700|||||||&#8221; header_2_text_color=&#8221;#000000&#8243; header_2_font_size=&#8221;20px&#8221; global_colors_info=&#8221;{}&#8221;]<\/p>\n<h2>VI ARRANGERER MOTORCYKELREJSER P\u00c5 3 KONTINENTER<\/h2>\n<p>Asien, Afrika &amp; Sydamerika<br \/>Kontakt os og h\u00f8re mere om hvilket motorcykeleventyr der passer bedst til dig.<\/p>\n<p>[\/et_pb_text][et_pb_social_media_follow _builder_version=&#8221;4.24.0&#8243; _module_preset=&#8221;default&#8221; global_module=&#8221;22988416&#8243; saved_tabs=&#8221;all&#8221; global_colors_info=&#8221;{}&#8221;][et_pb_social_media_follow_network social_network=&#8221;facebook&#8221; url=&#8221;https:\/\/www.facebook.com\/MCASIEN\/&#8221; _builder_version=&#8221;4.24.0&#8243; _module_preset=&#8221;default&#8221; background_color=&#8221;#ff681a&#8221; background_enable_color=&#8221;on&#8221; global_colors_info=&#8221;{}&#8221; transform_styles__hover_enabled=&#8221;on|hover&#8221; transform_scale__hover_enabled=&#8221;on|desktop&#8221; transform_translate__hover_enabled=&#8221;on|desktop&#8221; transform_rotate__hover_enabled=&#8221;on|hover&#8221; transform_skew__hover_enabled=&#8221;on|desktop&#8221; transform_origin__hover_enabled=&#8221;on|desktop&#8221; transform_rotate__hover=&#8221;0deg|0deg|10deg&#8221; follow_button=&#8221;off&#8221; url_new_window=&#8221;on&#8221;]facebook[\/et_pb_social_media_follow_network][et_pb_social_media_follow_network social_network=&#8221;instagram&#8221; url=&#8221;https:\/\/www.instagram.com\/villadskokmortensen\/&#8221; _builder_version=&#8221;4.24.0&#8243; _module_preset=&#8221;default&#8221; background_color=&#8221;#ff681a&#8221; background_enable_color=&#8221;on&#8221; global_colors_info=&#8221;{}&#8221; transform_styles__hover_enabled=&#8221;on|hover&#8221; transform_scale__hover_enabled=&#8221;on|desktop&#8221; transform_translate__hover_enabled=&#8221;on|desktop&#8221; transform_rotate__hover_enabled=&#8221;on|hover&#8221; transform_skew__hover_enabled=&#8221;on|desktop&#8221; transform_origin__hover_enabled=&#8221;on|desktop&#8221; transform_rotate__hover=&#8221;0deg|0deg|10deg&#8221; follow_button=&#8221;off&#8221; url_new_window=&#8221;on&#8221;]instagram[\/et_pb_social_media_follow_network][et_pb_social_media_follow_network social_network=&#8221;youtube&#8221; url=&#8221;https:\/\/www.youtube.com\/channel\/UC2J7RSg1Fyz6Qb1NjVBE6FA?view_as=subscriber&#8221; _builder_version=&#8221;4.24.0&#8243; _module_preset=&#8221;default&#8221; background_color=&#8221;#ff681a&#8221; background_enable_color=&#8221;on&#8221; global_colors_info=&#8221;{}&#8221; background__hover_enabled=&#8221;on|hover&#8221; transform_styles__hover_enabled=&#8221;on|hover&#8221; transform_scale__hover_enabled=&#8221;on|hover&#8221; transform_translate__hover_enabled=&#8221;on|hover&#8221; transform_rotate__hover_enabled=&#8221;on|hover&#8221; transform_skew__hover_enabled=&#8221;on|hover&#8221; transform_origin__hover_enabled=&#8221;on|hover&#8221; transform_rotate__hover=&#8221;0deg|0deg|10deg&#8221; follow_button=&#8221;off&#8221; url_new_window=&#8221;on&#8221;]youtube[\/et_pb_social_media_follow_network][\/et_pb_social_media_follow][\/et_pb_column][et_pb_column type=&#8221;1_2&#8243; _builder_version=&#8221;4.24.0&#8243; _module_preset=&#8221;default&#8221; global_colors_info=&#8221;{}&#8221;][et_pb_contact_form email=&#8221;villadskokmortensen@gmail.com&#8221; success_message=&#8221;Vi har modtaget din besked&#8221; submit_button_text=&#8221;Send&#8221; _builder_version=&#8221;4.24.2&#8243; _module_preset=&#8221;default&#8221; _unique_id=&#8221;5a06ab9e-4209-442c-b8ff-d268c256e8ff&#8221; form_field_background_color=&#8221;#FFFFFF&#8221; custom_button=&#8221;on&#8221; button_text_color=&#8221;#FFFFFF&#8221; button_bg_color=&#8221;#ff681a&#8221; border_width_all=&#8221;1px&#8221; border_color_all=&#8221;#000000&#8243; global_colors_info=&#8221;{}&#8221;][et_pb_contact_field field_id=&#8221;Name&#8221; field_title=&#8221;Navn&#8221; _builder_version=&#8221;4.24.0&#8243; global_colors_info=&#8221;{}&#8221; button_text_size__hover_enabled=&#8221;off&#8221; button_one_text_size__hover_enabled=&#8221;off&#8221; button_two_text_size__hover_enabled=&#8221;off&#8221; button_text_color__hover_enabled=&#8221;off&#8221; button_one_text_color__hover_enabled=&#8221;off&#8221; button_two_text_color__hover_enabled=&#8221;off&#8221; button_border_width__hover_enabled=&#8221;off&#8221; button_one_border_width__hover_enabled=&#8221;off&#8221; button_two_border_width__hover_enabled=&#8221;off&#8221; button_border_color__hover_enabled=&#8221;off&#8221; button_one_border_color__hover_enabled=&#8221;off&#8221; button_two_border_color__hover_enabled=&#8221;off&#8221; button_border_radius__hover_enabled=&#8221;off&#8221; button_one_border_radius__hover_enabled=&#8221;off&#8221; button_two_border_radius__hover_enabled=&#8221;off&#8221; button_letter_spacing__hover_enabled=&#8221;off&#8221; button_one_letter_spacing__hover_enabled=&#8221;off&#8221; button_two_letter_spacing__hover_enabled=&#8221;off&#8221; button_bg_color__hover_enabled=&#8221;off&#8221; button_one_bg_color__hover_enabled=&#8221;off&#8221; button_two_bg_color__hover_enabled=&#8221;off&#8221;][\/et_pb_contact_field][et_pb_contact_field field_id=&#8221;Email&#8221; field_title=&#8221;E-mailadresse&#8221; field_type=&#8221;email&#8221; _builder_version=&#8221;4.16&#8243; global_colors_info=&#8221;{}&#8221; button_text_size__hover_enabled=&#8221;off&#8221; button_one_text_size__hover_enabled=&#8221;off&#8221; button_two_text_size__hover_enabled=&#8221;off&#8221; button_text_color__hover_enabled=&#8221;off&#8221; button_one_text_color__hover_enabled=&#8221;off&#8221; button_two_text_color__hover_enabled=&#8221;off&#8221; button_border_width__hover_enabled=&#8221;off&#8221; button_one_border_width__hover_enabled=&#8221;off&#8221; button_two_border_width__hover_enabled=&#8221;off&#8221; button_border_color__hover_enabled=&#8221;off&#8221; button_one_border_color__hover_enabled=&#8221;off&#8221; button_two_border_color__hover_enabled=&#8221;off&#8221; button_border_radius__hover_enabled=&#8221;off&#8221; button_one_border_radius__hover_enabled=&#8221;off&#8221; button_two_border_radius__hover_enabled=&#8221;off&#8221; button_letter_spacing__hover_enabled=&#8221;off&#8221; button_one_letter_spacing__hover_enabled=&#8221;off&#8221; button_two_letter_spacing__hover_enabled=&#8221;off&#8221; button_bg_color__hover_enabled=&#8221;off&#8221; button_one_bg_color__hover_enabled=&#8221;off&#8221; button_two_bg_color__hover_enabled=&#8221;off&#8221;][\/et_pb_contact_field][et_pb_contact_field field_id=&#8221;Phone&#8221; field_title=&#8221;Telefon&#8221; min_length=&#8221;8&#8243; max_length=&#8221;30&#8243; fullwidth_field=&#8221;on&#8221; _builder_version=&#8221;4.24.0&#8243; _module_preset=&#8221;default&#8221; global_colors_info=&#8221;{}&#8221;][\/et_pb_contact_field][et_pb_contact_field field_id=&#8221;Message&#8221; field_title=&#8221;Besked&#8221; field_type=&#8221;text&#8221; fullwidth_field=&#8221;on&#8221; _builder_version=&#8221;4.16&#8243; global_colors_info=&#8221;{}&#8221; button_text_size__hover_enabled=&#8221;off&#8221; button_one_text_size__hover_enabled=&#8221;off&#8221; button_two_text_size__hover_enabled=&#8221;off&#8221; button_text_color__hover_enabled=&#8221;off&#8221; button_one_text_color__hover_enabled=&#8221;off&#8221; button_two_text_color__hover_enabled=&#8221;off&#8221; button_border_width__hover_enabled=&#8221;off&#8221; button_one_border_width__hover_enabled=&#8221;off&#8221; button_two_border_width__hover_enabled=&#8221;off&#8221; button_border_color__hover_enabled=&#8221;off&#8221; button_one_border_color__hover_enabled=&#8221;off&#8221; button_two_border_color__hover_enabled=&#8221;off&#8221; button_border_radius__hover_enabled=&#8221;off&#8221; button_one_border_radius__hover_enabled=&#8221;off&#8221; button_two_border_radius__hover_enabled=&#8221;off&#8221; button_letter_spacing__hover_enabled=&#8221;off&#8221; button_one_letter_spacing__hover_enabled=&#8221;off&#8221; button_two_letter_spacing__hover_enabled=&#8221;off&#8221; button_bg_color__hover_enabled=&#8221;off&#8221; button_one_bg_color__hover_enabled=&#8221;off&#8221; button_two_bg_color__hover_enabled=&#8221;off&#8221;][\/et_pb_contact_field][\/et_pb_contact_form][\/et_pb_column][\/et_pb_row][\/et_pb_section][et_pb_section fb_built=&#8221;1&#8243; _builder_version=&#8221;4.24.0&#8243; _module_preset=&#8221;default&#8221; global_colors_info=&#8221;{}&#8221;][et_pb_row _builder_version=&#8221;4.20.4&#8243; width=&#8221;100%&#8221; width_tablet=&#8221;100%&#8221; width_phone=&#8221;100%&#8221; width_last_edited=&#8221;on|desktop&#8221; max_width=&#8221;2560px&#8221; module_alignment=&#8221;center&#8221; global_module=&#8221;22988408&#8243; global_colors_info=&#8221;{}&#8221;][et_pb_column type=&#8221;4_4&#8243; _builder_version=&#8221;4.16&#8243; global_colors_info=&#8221;{}&#8221;][et_pb_text _builder_version=&#8221;4.24.2&#8243; text_font=&#8221;|700|||||||&#8221; text_text_color=&#8221;rgba(21,2,42,0.12)&#8221; text_font_size=&#8221;50px&#8221; header_2_font=&#8221;Merriweather|700|||||||&#8221; header_2_text_color=&#8221;#000000&#8243; header_2_font_size=&#8221;40px&#8221; text_orientation=&#8221;center&#8221; custom_margin=&#8221;-1px||-3px||false|false&#8221; custom_padding=&#8221;||50px|||&#8221; text_font_size_tablet=&#8221;&#8221; text_font_size_phone=&#8221;40px&#8221; text_font_size_last_edited=&#8221;on|desktop&#8221; header_font_size_tablet=&#8221;30px&#8221; header_font_size_phone=&#8221;30px&#8221; header_font_size_last_edited=&#8221;on|desktop&#8221; header_2_font_size_tablet=&#8221;&#8221; header_2_font_size_phone=&#8221;28px&#8221; header_2_font_size_last_edited=&#8221;on|phone&#8221; global_colors_info=&#8221;{}&#8221;]<\/p>\n<h2>M.C. ASIENS<br \/>MOTORCYKELGUIDER<\/h2>\n<p>[\/et_pb_text][dipi_carousel columns=&#8221;5&#8243; space_between=&#8221;20&#8243; container_padding=&#8221;30px|30px|40px|30px|false|false&#8221; speed=&#8221;10000&#8243; loop_wide=&#8221;on&#8221; autoplay_wide=&#8221;on&#8221; continues_wide=&#8221;on&#8221; pause_on_hover_wide=&#8221;off&#8221; autoplay_speed_wide=&#8221;14001&#8243; loop_mid=&#8221;on&#8221; autoplay_mid=&#8221;on&#8221; continues_mid=&#8221;on&#8221; pause_on_hover_mid=&#8221;on&#8221; loop_small=&#8221;on&#8221; autoplay_small=&#8221;on&#8221; continues_small=&#8221;on&#8221; pause_on_hover_small=&#8221;on&#8221; autoplay_speed_small=&#8221;6501&#8243; show_lightbox=&#8221;off&#8221; dynamic_bullets=&#8221;off&#8221; pagination_color=&#8221;#ff4200&#8243; pagination_active_color=&#8221;#ff4200&#8243; columns_tablet=&#8221;3&#8243; columns_phone=&#8221;1&#8243; columns_last_edited=&#8221;on|desktop&#8221; _builder_version=&#8221;4.27.0&#8243; title_font=&#8221;Merriweather|700||on|||||&#8221; title_font_size=&#8221;19px&#8221; title_line_height=&#8221;1em&#8221; desc_font=&#8221;Merriweather|600||on|||||&#8221; desc_text_color=&#8221;#ff681a&#8221; desc_font_size=&#8221;12px&#8221; desc_letter_spacing=&#8221;2px&#8221; desc_line_height=&#8221;1.1em&#8221; box_shadow_style=&#8221;preset1&#8243; box_shadow_blur=&#8221;27px&#8221; box_shadow_color=&#8221;rgba(0,74,135,0.12)&#8221; global_colors_info=&#8221;{}&#8221;][dipi_carousel_child label=&#8221;Villads&#8221; img_src=&#8221;https:\/\/www.mcasien.com\/wp-content\/uploads\/2024\/01\/Villads-Mortensen1.jpg&#8221; title_text=&#8221;Villads Mortensen&#8221; desc_text=&#8221;<\/p>\n<p>Motorcykelguide<\/p>\n<p><a href=%22https:\/\/www.mcasien.com\/villadsmortensen\/%22>l\u00e6s mere.<\/a><\/p>\n<p>&#8221; image_animation=&#8221;zoomin&#8221; _builder_version=&#8221;4.25.0&#8243; _module_preset=&#8221;default&#8221; title_level=&#8221;h2&#8243; title_font=&#8221;Merriweather|||on|||||&#8221; title_font_size=&#8221;21px&#8221; desc_font=&#8221;Merriweather|600||on|||||&#8221; desc_text_color=&#8221;#ff681a&#8221; background_color=&#8221;#FFFFFF&#8221; background_enable_color=&#8221;on&#8221; link_option_url=&#8221;https:\/\/www.mcasien.com\/villadsmortensen\/&#8221; custom_css_after=&#8221;color: #ff681a;&#8221; global_colors_info=&#8221;{}&#8221;][\/dipi_carousel_child][dipi_carousel_child label=&#8221;Mads&#8221; img_src=&#8221;https:\/\/www.mcasien.com\/wp-content\/uploads\/2024\/01\/MADS-MATHIASSEN.jpg&#8221; title_text=&#8221;MADS MATHIASSEN&#8221; desc_text=&#8221;<\/p>\n<p>Motorcykelguide<\/p>\n<p><a href=%22https:\/\/www.mcasien.com\/mads-mathiassen\/%22>L\u00e6s mere.<\/a><\/p>\n<p>&#8221; image_animation=&#8221;zoomin&#8221; _builder_version=&#8221;4.25.0&#8243; _module_preset=&#8221;default&#8221; title_level=&#8221;h2&#8243; title_font=&#8221;Merriweather|||on|||||&#8221; title_font_size=&#8221;21px&#8221; desc_font=&#8221;Merriweather|600||on|||||&#8221; desc_text_color=&#8221;#ff681a&#8221; background_color=&#8221;#FFFFFF&#8221; background_enable_color=&#8221;on&#8221; link_option_url=&#8221;https:\/\/www.mcasien.com\/mads-mathiassen\/&#8221; global_colors_info=&#8221;{}&#8221;][\/dipi_carousel_child][dipi_carousel_child label=&#8221;NIELS SEEBERG&#8221; img_src=&#8221;https:\/\/www.mcasien.com\/wp-content\/uploads\/2024\/01\/NIELS-SEEBERG.jpg&#8221; title_text=&#8221;NIELS SEEBERG&#8221; desc_text=&#8221;<\/p>\n<p>Motorcykelguide<\/p>\n<p><a href=%22https:\/\/www.mcasien.com\/nielsseeberg\/%22>L\u00e6s mere.<\/a><\/p>\n<p>&#8221; image_animation=&#8221;zoomin&#8221; _builder_version=&#8221;4.25.0&#8243; _module_preset=&#8221;default&#8221; title_level=&#8221;h2&#8243; title_font=&#8221;Merriweather|||on|||||&#8221; title_font_size=&#8221;21px&#8221; desc_font=&#8221;Merriweather|600||on|||||&#8221; desc_text_color=&#8221;#ff681a&#8221; background_color=&#8221;#FFFFFF&#8221; background_enable_color=&#8221;on&#8221; link_option_url=&#8221;https:\/\/www.mcasien.com\/nielsseeberg\/&#8221; global_colors_info=&#8221;{}&#8221;][\/dipi_carousel_child][dipi_carousel_child label=&#8221;JESPER HALLAS&#8221; img_src=&#8221;https:\/\/www.mcasien.com\/wp-content\/uploads\/2024\/01\/JESPER-HALLAS.jpg&#8221; title_text=&#8221;JESPER HALLAS&#8221; desc_text=&#8221;<\/p>\n<p>MOTORCYKELGUIDE<\/p>\n<p><a href=%22https:\/\/www.mcasien.com\/jesper-hallas\/%22>L\u00e6s mere.<\/a><\/p>\n<p>&#8221; image_animation=&#8221;zoomin&#8221; _builder_version=&#8221;4.25.0&#8243; _module_preset=&#8221;default&#8221; title_level=&#8221;h2&#8243; title_font=&#8221;Merriweather|||on|||||&#8221; title_font_size=&#8221;21px&#8221; desc_font=&#8221;Merriweather|600||on|||||&#8221; desc_text_color=&#8221;#ff681a&#8221; background_color=&#8221;#FFFFFF&#8221; background_enable_color=&#8221;on&#8221; link_option_url=&#8221;https:\/\/www.mcasien.com\/jesper-hallas\/&#8221; global_colors_info=&#8221;{}&#8221;][\/dipi_carousel_child][dipi_carousel_child label=&#8221;Lasse Rasmussen&#8221; img_src=&#8221;https:\/\/www.mcasien.com\/wp-content\/uploads\/2024\/01\/Lasse-Rasmussen1.jpg&#8221; title_text=&#8221;Lasse Rasmussen&#8221; desc_text=&#8221;<\/p>\n<p>MOTORCYKELGUIDE<\/p>\n<p><a href=%22https:\/\/www.mcasien.com\/lasserasmussen\/%22>L\u00e6s mere.<\/a><\/p>\n<p>&#8221; image_animation=&#8221;zoomin&#8221; _builder_version=&#8221;4.25.0&#8243; _module_preset=&#8221;default&#8221; title_level=&#8221;h2&#8243; title_font=&#8221;Merriweather|||on|||||&#8221; title_font_size=&#8221;21px&#8221; desc_font=&#8221;Merriweather|600||on|||||&#8221; desc_text_color=&#8221;#ff681a&#8221; background_color=&#8221;#FFFFFF&#8221; background_enable_color=&#8221;on&#8221; link_option_url=&#8221;https:\/\/www.mcasien.com\/lasserasmussen\/&#8221; global_colors_info=&#8221;{}&#8221;][\/dipi_carousel_child][dipi_carousel_child label=&#8221;Henriette Thiim&#8221; img_src=&#8221;https:\/\/www.mcasien.com\/wp-content\/uploads\/2024\/09\/Henriette-Tiim.jpg&#8221; title_text=&#8221;Henriette Tiim&#8221; desc_text=&#8221;<\/p>\n<p>MOTORCYKELGUIDE<\/p>\n<p><a href=%22https:\/\/www.mcasien.com\/henriette\/%22>L\u00e6s mere.<\/a><\/p>\n<p>&#8221; image_animation=&#8221;zoomin&#8221; _builder_version=&#8221;4.27.0&#8243; _module_preset=&#8221;default&#8221; title_level=&#8221;h2&#8243; title_font=&#8221;Merriweather|||on|||||&#8221; title_font_size=&#8221;21px&#8221; desc_font=&#8221;Merriweather|600||on|||||&#8221; desc_text_color=&#8221;#ff681a&#8221; background_color=&#8221;#FFFFFF&#8221; background_enable_color=&#8221;on&#8221; link_option_url=&#8221;https:\/\/www.mcasien.com\/henriette\/&#8221; global_colors_info=&#8221;{}&#8221;][\/dipi_carousel_child][\/dipi_carousel][\/et_pb_column][\/et_pb_row][\/et_pb_section][et_pb_section fb_built=&#8221;1&#8243; _builder_version=&#8221;4.24.0&#8243; _module_preset=&#8221;default&#8221; global_colors_info=&#8221;{}&#8221;][et_pb_row column_structure=&#8221;1_2,1_2&#8243; _builder_version=&#8221;4.24.0&#8243; _module_preset=&#8221;default&#8221; global_colors_info=&#8221;{}&#8221;][et_pb_column type=&#8221;1_2&#8243; _builder_version=&#8221;4.24.0&#8243; _module_preset=&#8221;default&#8221; global_colors_info=&#8221;{}&#8221;][et_pb_code _builder_version=&#8221;4.27.4&#8243; _module_preset=&#8221;default&#8221; hover_enabled=&#8221;0&#8243; sticky_enabled=&#8221;0&#8243;]<iframe loading=\"lazy\" width=\"560\" height=\"315\" src=\"https:\/\/www.youtube.com\/embed\/6ddeXxHDZ5g?si=tI-uP1WEptc0MSIH\" title=\"YouTube video player\" frameborder=\"0\" allow=\"accelerometer; autoplay; clipboard-write; encrypted-media; gyroscope; picture-in-picture; web-share\" referrerpolicy=\"strict-origin-when-cross-origin\" allowfullscreen><\/iframe>[\/et_pb_code][\/et_pb_column][et_pb_column type=&#8221;1_2&#8243; _builder_version=&#8221;4.24.0&#8243; _module_preset=&#8221;default&#8221; global_colors_info=&#8221;{}&#8221;][et_pb_text _builder_version=&#8221;4.24.0&#8243; _module_preset=&#8221;default&#8221; text_text_color=&#8221;#000000&#8243; header_2_font=&#8221;Merriweather|700|||||||&#8221; header_2_font_size=&#8221;30px&#8221; header_3_font=&#8221;Merriweather||||||||&#8221; header_3_text_color=&#8221;#ff681a&#8221; header_3_font_size=&#8221;19px&#8221; global_colors_info=&#8221;{}&#8221;]<\/p>\n<h2>OM OS<\/h2>\n<h3>ENEST\u00c5ENDE REJSEOPLEVELSER P\u00c5 MOTORCYKEL<\/h3>\n<p>Vores motorcykelrejser er gennemresearchede og planlagt ned i mindste detalje, og vores deltagere kommer igen \u00e5r efter \u00e5r.<\/p>\n<p>Vi arrangerer motorcykelrejser, fordi vi synes, at det er den sjoveste og mest autentiske m\u00e5de at opleve verden p\u00e5, og fordi vi selv er dedikerede motorcykelentusiaster.<\/p>\n<p>Vi har rejst verden rundt og brugt m\u00e5neder p\u00e5 at finde de flotteste ruter, de hyggeligste hoteller og de bedste spisesteder. Alle disse informationer ligger ikke p\u00e5 vores hjemmeside.<\/p>\n<p>Kontakt os per mail eller p\u00e5 telefon og lad os sammen finde ud af hvilken motorcykelrejse, der passer bedst til jer.<\/p>\n<p>[\/et_pb_text][\/et_pb_column][\/et_pb_row][\/et_pb_section]<\/p>\n","protected":false},"excerpt":{"rendered":"<p>IF YOU HAVE ANY QUESTIONS CONTACT US HERE ADDRESS: Vibekegade 10 st. tv. 2100 Kbh \u00d8 PHONE: +45 29 43 14 27 EMAIL: villadskokmortensen@gmail.comVI ORGANIZES MOTORCYCLE TOURS ON 3 CONTINENTS Asia, Africa &amp; South AmericaContact us to learn more about which motorcycle adventure is best for you. ASIA MOTORCYCLE GUIDES<div class=\"et_pb_module dipi_carousel dipi_carousel_0\">\n\t\t\t\t\n\t\t\t\t\n\t\t\t\t\n\t\t\t\t\n\t\t\t\t\n\t\t\t\t\n\t\t\t\t<div class=\"et_pb_module_inner\">\n\t\t\t\t\t\n            <div class=\"dipi-carousel-main dipi_loading show_lightbox show_lightbox_tablet show_lightbox_phone\" data-columnsdesktop='&#8221;5&#8243;' data-columnstablet='&#8221;5&#8243;' data-columnsphone='&#8221;5&#8243;' data-spacebetween='&#8221;20&#8243;' data-spacebetween_tablet='&#8221;20&#8243;' data-spacebetween_phone='&#8221;20&#8243;' data-speed='&#8221;10000&#8243;|&#8221;10000&#8243;|&#8221;10000&#8243;' data-navigation='off' data-navigation_t='off' data-navigation_m='off' data-pagination='off' data-pagination_t='off' data-pagination_m='off' data-autoplay_settigns='{\"loop_wide\":\"&#8221;on&#8221;\",\"autoplay_wide\":\"&#8221;on&#8221;\",\"continues_wide\":\"&#8221;on&#8221;\",\"autoplay_reverse_wide\":\"off\",\"pause_on_hover_wide\":\"&#8221;off&#8221;\",\"autoplay_speed_wide\":\"&#8221;14001&#8243;\",\"loop_mid\":\"off\",\"autoplay_mid\":\"off\",\"continues_mid\":\"off\",\"autoplay_reverse_mid\":\"off\",\"pause_on_hover_mid\":\"off\",\"autoplay_speed_mid\":\"5000\",\"loop_small\":\"off\",\"autoplay_small\":\"off\",\"continues_small\":\"off\",\"autoplay_reverse_small\":\"off\",\"pause_on_hover_small\":\"off\",\"autoplay_speed_small\":\"5000\"}' data-effect='slide' data-rotate='50' data-dynamicbullets='on' data-ordernumber='0' data-centered='off' data-allow_touch_move='on' data-allow_touch_move_t='on' data-allow_touch_move_p='on' data-shadow='on' data-continues='off' style=\"display:none;\">\n                <div class=\"swiper-container\">\n                    <div class=\"dipi-carousel-wrapper\">\n                        \n                    <\/div>\n                <\/div>\n                <div class=\"swiper-button-next swiper-arrow-button dipi-sbn0\" data-icon=\"9\"><\/div>\n                <div class=\"swiper-button-prev swiper-arrow-button dipi-sbp0\" data-icon=\"8\"><\/div>\n                \n                <div class=\"swiper-container-horizontal\">\n                    <div class=\"swiper-pagination dipi-sp0\"><\/div>\n                <\/div>\n            <\/div>\n\t\t\t\t<\/div>\n\t\t\t<\/div><\/p>","protected":false},"author":12,"featured_media":0,"parent":0,"menu_order":0,"comment_status":"closed","ping_status":"closed","template":"","meta":{"_acf_changed":false,"_et_pb_use_builder":"on","_et_pb_old_content":"","_et_gb_content_width":"","footnotes":""},"class_list":["post-67365","page","type-page","status-publish","hentry"],"acf":[],"aioseo_notices":[],"_links":{"self":[{"href":"https:\/\/www.mcasien.com\/en\/wp-json\/wp\/v2\/pages\/67365","targetHints":{"allow":["GET"]}}],"collection":[{"href":"https:\/\/www.mcasien.com\/en\/wp-json\/wp\/v2\/pages"}],"about":[{"href":"https:\/\/www.mcasien.com\/en\/wp-json\/wp\/v2\/types\/page"}],"author":[{"embeddable":true,"href":"https:\/\/www.mcasien.com\/en\/wp-json\/wp\/v2\/users\/12"}],"replies":[{"embeddable":true,"href":"https:\/\/www.mcasien.com\/en\/wp-json\/wp\/v2\/comments?post=67365"}],"version-history":[{"count":6,"href":"https:\/\/www.mcasien.com\/en\/wp-json\/wp\/v2\/pages\/67365\/revisions"}],"predecessor-version":[{"id":22989655,"href":"https:\/\/www.mcasien.com\/en\/wp-json\/wp\/v2\/pages\/67365\/revisions\/22989655"}],"wp:attachment":[{"href":"https:\/\/www.mcasien.com\/en\/wp-json\/wp\/v2\/media?parent=67365"}],"curies":[{"name":"wp","href":"https:\/\/api.w.org\/{rel}","templated":true}]}}